{"id":1264,"date":"2026-02-18T20:13:15","date_gmt":"2026-02-18T20:13:15","guid":{"rendered":"https:\/\/financialservices.artfoisprojects.xyz\/?page_id=1264"},"modified":"2026-02-26T22:30:55","modified_gmt":"2026-02-26T22:30:55","slug":"kreditvoraussetzungen","status":"publish","type":"page","link":"https:\/\/financialservices.artfoisprojects.xyz\/en\/kreditvoraussetzungen\/","title":{"rendered":"Credit requirements"},"content":{"rendered":"<div data-elementor-type=\"wp-page\" data-elementor-id=\"1264\" class=\"elementor elementor-1264\" data-elementor-post-type=\"page\">\n\t\t\t\t\t\t<section class=\"elementor-section elementor-top-section elementor-element elementor-element-58354db4 elementor-section-height-min-height elementor-section-boxed elementor-section-height-default elementor-section-items-middle\" data-id=\"58354db4\" data-element_type=\"section\" data-e-type=\"section\" data-settings=\"{&quot;background_background&quot;:&quot;classic&quot;}\">\n\t\t\t\t\t\t\t<div class=\"elementor-background-overlay\"><\/div>\n\t\t\t\t\t\t\t<div class=\"elementor-container elementor-column-gap-no\">\n\t\t\t\t\t<div class=\"elementor-column elementor-col-100 elementor-top-column elementor-element elementor-element-e398259\" data-id=\"e398259\" data-element_type=\"column\" data-e-type=\"column\">\n\t\t\t<div class=\"elementor-widget-wrap elementor-element-populated\">\n\t\t\t\t\t\t<div class=\"elementor-element elementor-element-54f0176e elementor-widget elementor-widget-heading\" data-id=\"54f0176e\" data-element_type=\"widget\" data-e-type=\"widget\" data-widget_type=\"heading.default\">\n\t\t\t\t\t<h1 class=\"elementor-heading-title elementor-size-default\">Kredit-<br>voraussetzungen<\/h1>\t\t\t\t<\/div>\n\t\t\t\t\t<\/div>\n\t\t<\/div>\n\t\t\t\t\t<\/div>\n\t\t<\/section>\n\t\t\t\t<section class=\"elementor-section elementor-top-section elementor-element elementor-element-1e908aac elementor-section-boxed elementor-section-height-default elementor-section-height-default\" data-id=\"1e908aac\" data-element_type=\"section\" data-e-type=\"section\" data-settings=\"{&quot;background_background&quot;:&quot;classic&quot;}\">\n\t\t\t\t\t\t<div class=\"elementor-container elementor-column-gap-no\">\n\t\t\t\t\t<div class=\"elementor-column elementor-col-100 elementor-top-column elementor-element elementor-element-68324ea8\" data-id=\"68324ea8\" data-element_type=\"column\" data-e-type=\"column\">\n\t\t\t<div class=\"elementor-widget-wrap elementor-element-populated\">\n\t\t\t\t\t\t<div class=\"elementor-element elementor-element-5e9a317 elementor-widget elementor-widget-heading\" data-id=\"5e9a317\" data-element_type=\"widget\" data-e-type=\"widget\" data-widget_type=\"heading.default\">\n\t\t\t\t\t<h3 class=\"elementor-heading-title elementor-size-default\">Die wichtigsten Voraussetzungen, wenn Sie einen Kredit aufnehmen m\u00f6chten<\/h3>\t\t\t\t<\/div>\n\t\t\t\t<div class=\"elementor-element elementor-element-b0aec76 elementor-widget elementor-widget-text-editor\" data-id=\"b0aec76\" data-element_type=\"widget\" data-e-type=\"widget\" data-widget_type=\"text-editor.default\">\n\t\t\t\t\t\t\t\t\t<p>Bei der<strong>\u00a0Kreditaufnahme in der Schweiz\u00a0<\/strong>werden vielf\u00e4ltige Kriterien angewendet. Die Auspr\u00e4gungen dieser Kriterien werden von jedem Kreditanbieter anders bewertet.<\/p><p>Neben gesetzlichen Vorgaben wendet jeder Kreditgeber seine sogenannten\u00a0<strong>Risikokriterien, auch Scorings genannt<\/strong>, an. Aufgrund dieser Bewertung entscheidet der Anbieter, ob und zu welchem Zins er Ihnen einen Kredit bewilligt.<\/p><h3 id=\"gesetzliche-rahmenbedingungen\">1. Gesetzliche Rahmenbedingungen<\/h3><h4>Kreditf\u00e4higkeit<\/h4><p>Das Konsumkreditgesetz schreibt die sogenannte\u00a0<strong>Kreditf\u00e4higkeit\u00a0<\/strong>vor. Diese besagt, dass ein Kredit nur vergeben werden darf, wenn er innerhalb von 36 Monaten mit dem frei verf\u00fcgbaren Einkommen zur\u00fcckbezahlt werden kann \u2013 unabh\u00e4ngig von der gew\u00e4hlten Laufzeit. Diese Regel hat zum Ziel, den Kreditnehmer vor \u00dcberschuldung zu sch\u00fctzen. Gut zu wissen: Obwohl die Pr\u00fcfung der Kreditf\u00e4higkeit nur f\u00fcr Konsumkredite gesetzlich vorgeschrieben ist, wird eine Bank bei der Vergabe von h\u00f6heren Betr\u00e4gen nicht auf die Budgetpr\u00fcfung verzichten.<\/p><p><strong>Eine erste, unverbindliche Einsch\u00e4tzung Ihrer eigenen Kreditlimite erhalten Sie in unserem Anfrageformular.<\/strong><\/p><h4>Mindestalter 18<\/h4><p>Das Mindestalter ist eine gesetzliche Vorgabe: Es d\u00fcrfen keine Kredite an Minderj\u00e4hrige vergeben werden. Dies ist ein tempor\u00e4rer Ausschluss bis zum Erreichen der Vollj\u00e4hrigkeit.<\/p><h3 id=\"einschraenkungen-alter\">2. Einschr\u00e4nkungen f\u00fcr Junge und \u00c4ltere<\/h3><h4>Einschr\u00e4nkungen bis 25<\/h4><p>Bis zum Alter von 25 Jahren m\u00fcssen Sie je nach Anbieter mit gewissen Einschr\u00e4nkungen rechnen. Dies betrifft insbesondere die Kredith\u00f6he oder die H\u00f6he des angebotenen Zinses. Junge Kreditnehmer werden tendenziell als risikoreicher eingestuft \u2013 vor allem aufgrund einer tieferen Stabilit\u00e4t im Arbeitsleben. Die Werbekonvention gibt der Kreditbranche vor, keine Werbung f\u00fcr Kredite an unter 25-J\u00e4hrige zu richten, um sie vor \u00dcberschuldung zu sch\u00fctzen.<\/p><h4>Abnehmende Kredit-Chancen mit zunehmendem Alter<\/h4><p>Mit zunehmendem Alter wird die Kreditaufnahme schwieriger. Allgemein gesagt steigt das statistische Ausfallrisiko. Diese Risiko-Bewertung f\u00fchrt beispielsweise zu k\u00fcrzeren Laufzeiten beziehungsweise einer zwingenden R\u00fcckzahlung vor einem bestimmten Alter, in den meisten F\u00e4llen ist ein Kredit nach einem Alter von 70 Jahren nicht mehr m\u00f6glich.<\/p><p>Vor allem beeinflusst aber die Pensionierung die gesetzliche Kreditf\u00e4higkeit: Die AHV-Rente ist nur beschr\u00e4nkt oder nicht pf\u00e4ndbar und darf daher nur teilweise oder gar nicht als Einkommen ber\u00fccksichtigt werden.<\/p><h3 id=\"tragbarkeit-und-kreditlimite\">3. Tragbarkeit und Kreditlimite: H\u00f6he und Art des Einkommens entscheiden<\/h3><h4>Einkommen<\/h4><p>Ein stabiles Einkommen ist entscheidend f\u00fcr die Tragbarkeit eines Kredits und wird bei der Berechnung der Kreditlimite ber\u00fccksichtigt. Verschiedene Arten von Einkommen und Arbeitsverh\u00e4ltnissen werden unterschiedlich bewertet:<\/p><ul><li class=\"PortableText-credaris-module-scss-module__aAnOpW__listItem\"><strong>Unbefristete Arbeit<\/strong>: Ein ungek\u00fcndigtes, unbefristetes Arbeitsverh\u00e4ltnis gilt als stabilstes Einkommen. Die Probezeit muss bestanden sein. Zudem k\u00f6nnen die Dauer der Anstellung oder h\u00e4ufige Arbeitsplatzwechsel die Kreditkonditionen beeinflussen.<\/li><li class=\"PortableText-credaris-module-scss-module__aAnOpW__listItem\"><strong>Befristet oder tempor\u00e4r angestellt<\/strong>: Ein Kredit ist nicht ausgeschlossen, aber die Einkommenssituation wird genauer gepr\u00fcft. Nicht alle Anbieter akzeptieren befristete oder tempor\u00e4re Arbeitsverh\u00e4ltnisse.<\/li><li class=\"PortableText-credaris-module-scss-module__aAnOpW__listItem\"><strong>Im Stundenlohn<\/strong>: Beim Stundenlohn ist die Planbarkeit des Einkommens eingeschr\u00e4nkt. Ob ein Kredit bei einer Anstellung im Stundenlohn m\u00f6glich ist, h\u00e4ngt vom effektiven Einkommen \u00fcber einen l\u00e4ngeren Zeitraum ab.<\/li><li class=\"PortableText-credaris-module-scss-module__aAnOpW__listItem\"><strong>Selbstst\u00e4ndig erwerbend<\/strong>: Selbstst\u00e4ndige m\u00fcssen Nachweise \u00fcber ein stabiles Einkommen erbringen und oft gewisse Fristen abwarten. Die Kreditaufnahme ist aber bei einigen Anbietern unter bestimmten Auflagen m\u00f6glich.<\/li><li class=\"PortableText-credaris-module-scss-module__aAnOpW__listItem\">Neben dem Einkommen aus Arbeit werden auch weitere Einnahmen und Ausgaben (z. B. Alimente, Renten) f\u00fcr die Pr\u00fcfung der Kreditf\u00e4higkeit und Kreditlimite ber\u00fccksichtigt.<\/li><\/ul><h3 id=\"bonitaet-und-zahlungshistorie\">4. Bonit\u00e4t und Zahlungshistorie<\/h3><ul><li class=\"PortableText-credaris-module-scss-module__aAnOpW__listItem\"><strong>Bonit\u00e4tsscore und Kreditw\u00fcrdigkeit<\/strong>: Die Bonit\u00e4t bewerten Anbieter, um zu entscheiden, ob Sie einen Kredit erhalten und welche Konditionen (Betrag, Zinssatz) Ihnen angeboten werden.<\/li><li class=\"PortableText-credaris-module-scss-module__aAnOpW__listItem\"><strong>ZEK-Eintr\u00e4ge<\/strong>: Ein wichtiges Element der Bonit\u00e4tspr\u00fcfung sind Eintr\u00e4ge in der\u00a0<a href=\"https:\/\/www.zek.ch\/de-ch\/kredit-leasingnehmer\/eintrage-zu-meiner-person\" target=\"_blank\" rel=\"noopener noreferrer\"><strong>ZEK<\/strong><\/a>, die positive und negative Meldungen und Informationen zum Zahlungsverhalten bei Krediten, Kreditkarten oder Leasing enthalten.<\/li><li class=\"PortableText-credaris-module-scss-module__aAnOpW__listItem\"><strong>Bonit\u00e4ts-Ereignisse und Zahlungshistorie<\/strong>: Negative Ereignisse wie Zahlungsverzug oder sonstige Hinweise auf negative Zahlungserfahrungen k\u00f6nnen die Kreditw\u00fcrdigkeit beeintr\u00e4chtigen. Eine positive Zahlungshistorie hingegen kann Ihre Chancen verbessern.<\/li><li class=\"PortableText-credaris-module-scss-module__aAnOpW__listItem\"><strong>Betreibungen \u2013 aktuell oder in der Vergangenheit<\/strong>: Offene Betreibungen verhindern die Kreditaufnahme vor\u00fcbergehend. Bei bezahlten Betreibungen h\u00e4ngt die Bewertung davon ab, wie viele es waren, ob sie beglichen sind und wie lange sie zur\u00fcckliegen. Betreibungen wirken sich immer nachteilig aus und k\u00f6nnen zum Ausschluss f\u00fchren. Haben Sie offene Betreibungen, wird Ihr Kreditantrag abgelehnt.<\/li><li class=\"PortableText-credaris-module-scss-module__aAnOpW__listItem\"><strong>Konkurs, Pf\u00e4ndung, Schuldscheine<\/strong>: Konkurs, Pf\u00e4ndungen und in der Regel Schuldscheine sind Ausschlussgr\u00fcnde. Eine Kreditaufnahme ist f\u00fcr lange Zeit ausgeschlossen.<\/li><\/ul><h3 id=\"statistische-risikobewertung\">5. Statistische Risikobewertung durch die Kreditgeber<\/h3><p>Kreditgeber wenden ein komplexes System von Risikokriterien an, um Ihre Kreditw\u00fcrdigkeit und das Ausfallrisiko zu bewerten. Dazu geh\u00f6ren unter anderem:<\/p><ul><li class=\"PortableText-credaris-module-scss-module__aAnOpW__listItem\"><strong>Nationalit\u00e4t bzw. Aufenthaltsstatus<\/strong>: Liechtensteiner und Inhaber einer Niederlassungsbewilligung C werden Schweizern meist gleichgestellt. Bei anderen Bewilligungen (B, G, F, N, L) m\u00fcssen Sie mit Einschr\u00e4nkungen oder Ablehnung rechnen. Nicht jeder Anbieter akzeptiert diese Bewilligungen, und oft wird eine Mindest-Aufenthaltsdauer verlangt und zus\u00e4tzliche Anforderungen an das Kundenprofil gestellt.<\/li><li class=\"PortableText-credaris-module-scss-module__aAnOpW__listItem\"><strong>Weitere Faktoren<\/strong>: Faktoren wie Ihr Wohnort, die Dauer am Wohnort, die Zeit an Ihrem aktuellen Arbeitsort oder Ihr Zivilstand k\u00f6nnen ebenfalls eine Rolle spielen. Diese Aspekte geben den Anbietern Hinweise auf Ihre allgemeine Stabilit\u00e4t, werden aber je nach Kreditgeber unterschiedlich gewichtet und interpretiert.<\/li><\/ul><h3 id=\"belege-und-unterlagen\">6. Belege und Unterlagen<\/h3><p>Die h\u00e4ufigsten Unterlagen, die zum Nachweis Ihrer pers\u00f6nlichen und finanziellen Situation verlangt werden:<\/p><ul><li class=\"PortableText-credaris-module-scss-module__aAnOpW__listItem\">Pass, ID oder Niederlassungsbewilligung\/Ausl\u00e4nderausweis<\/li><li class=\"PortableText-credaris-module-scss-module__aAnOpW__listItem\">Mindestens\u00a0<strong>Lohnausweise<\/strong>\u00a0der letzten 3 Monate (bei unbefristeter Festanstellung, ansonsten h\u00e4ufig f\u00fcr eine l\u00e4ngere Dauer)<\/li><li class=\"PortableText-credaris-module-scss-module__aAnOpW__listItem\">Je nach Anbieter ein Mietvertrag oder eine Best\u00e4tigung f\u00fcr Untermiete<\/li><li class=\"PortableText-credaris-module-scss-module__aAnOpW__listItem\">Abh\u00e4ngig von der individuellen Situation k\u00f6nnen zus\u00e4tzliche Nachweise erforderlich sein (z.B. zu Alimenten und verschiedenen zus\u00e4tzlichen Einnahmen oder Ausgaben)<\/li><li class=\"PortableText-credaris-module-scss-module__aAnOpW__listItem\">Bei Selbstst\u00e4ndigen eine Steuerveranlagung<\/li><li class=\"PortableText-credaris-module-scss-module__aAnOpW__listItem\">Nachweise zum Zivilstand, insbesondere gerichtliches Trennungs- oder Scheidungsurteil<\/li><li class=\"PortableText-credaris-module-scss-module__aAnOpW__listItem\">Im Falle einer Abl\u00f6sung: Informationen und Unterlagen zum bestehenden Kredit<\/li><\/ul>\t\t\t\t\t\t\t\t<\/div>\n\t\t\t\t<section class=\"elementor-section elementor-inner-section elementor-element elementor-element-36bfd392 elementor-section-boxed elementor-section-height-default elementor-section-height-default\" data-id=\"36bfd392\" data-element_type=\"section\" data-e-type=\"section\">\n\t\t\t\t\t\t<div class=\"elementor-container elementor-column-gap-no\">\n\t\t\t\t\t<div class=\"elementor-column elementor-col-33 elementor-inner-column elementor-element elementor-element-46b8f8c5\" data-id=\"46b8f8c5\" data-element_type=\"column\" data-e-type=\"column\">\n\t\t\t<div class=\"elementor-widget-wrap elementor-element-populated\">\n\t\t\t\t\t\t<div class=\"elementor-element elementor-element-79e25cd3 elementor-view-stacked elementor-shape-circle elementor-position-block-start elementor-mobile-position-block-start elementor-widget elementor-widget-icon-box\" data-id=\"79e25cd3\" data-element_type=\"widget\" data-e-type=\"widget\" data-widget_type=\"icon-box.default\">\n\t\t\t\t\t\t\t<div class=\"elementor-icon-box-wrapper\">\n\n\t\t\t\t\t\t<div class=\"elementor-icon-box-icon\">\n\t\t\t\t<span  class=\"elementor-icon\">\n\t\t\t\t<i aria-hidden=\"true\" class=\"icon icon-Profile\"><\/i>\t\t\t\t<\/span>\n\t\t\t<\/div>\n\t\t\t\n\t\t\t\t\t\t<div class=\"elementor-icon-box-content\">\n\n\t\t\t\t\t\t\t\t\t<h5 class=\"elementor-icon-box-title\">\n\t\t\t\t\t\t<span  >\n\t\t\t\t\t\t\tVollj\u00e4hrigkeit\t\t\t\t\t\t<\/span>\n\t\t\t\t\t<\/h5>\n\t\t\t\t\n\t\t\t\t\t\t\t\t\t<p class=\"elementor-icon-box-description\">\n\t\t\t\t\t\tSie m\u00fcssen mindestens 18 Jahre alt sein. <br>\n<br>\t\t\t\t\t<\/p>\n\t\t\t\t\n\t\t\t<\/div>\n\t\t\t\n\t\t<\/div>\n\t\t\t\t\t\t<\/div>\n\t\t\t\t\t<\/div>\n\t\t<\/div>\n\t\t\t\t<div class=\"elementor-column elementor-col-33 elementor-inner-column elementor-element elementor-element-3171baac\" data-id=\"3171baac\" data-element_type=\"column\" data-e-type=\"column\">\n\t\t\t<div class=\"elementor-widget-wrap elementor-element-populated\">\n\t\t\t\t\t\t<div class=\"elementor-element elementor-element-40d2d909 elementor-view-stacked elementor-shape-circle elementor-position-block-start elementor-mobile-position-block-start elementor-widget elementor-widget-icon-box\" data-id=\"40d2d909\" data-element_type=\"widget\" data-e-type=\"widget\" data-widget_type=\"icon-box.default\">\n\t\t\t\t\t\t\t<div class=\"elementor-icon-box-wrapper\">\n\n\t\t\t\t\t\t<div class=\"elementor-icon-box-icon\">\n\t\t\t\t<span  class=\"elementor-icon\">\n\t\t\t\t<i aria-hidden=\"true\" class=\"icon icon-hand_shake\"><\/i>\t\t\t\t<\/span>\n\t\t\t<\/div>\n\t\t\t\n\t\t\t\t\t\t<div class=\"elementor-icon-box-content\">\n\n\t\t\t\t\t\t\t\t\t<h5 class=\"elementor-icon-box-title\">\n\t\t\t\t\t\t<span  >\n\t\t\t\t\t\t\tWohnsitz in der Schweiz\t\t\t\t\t\t<\/span>\n\t\t\t\t\t<\/h5>\n\t\t\t\t\n\t\t\t\t\t\t\t\t\t<p class=\"elementor-icon-box-description\">\n\t\t\t\t\t\tEin fester Wohnsitz in der Schweiz erh\u00f6ht die Chancen f\u00fcr eine Kreditbewilligung.\t\t\t\t\t<\/p>\n\t\t\t\t\n\t\t\t<\/div>\n\t\t\t\n\t\t<\/div>\n\t\t\t\t\t\t<\/div>\n\t\t\t\t\t<\/div>\n\t\t<\/div>\n\t\t\t\t<div class=\"elementor-column elementor-col-33 elementor-inner-column elementor-element elementor-element-9733f49\" data-id=\"9733f49\" data-element_type=\"column\" data-e-type=\"column\">\n\t\t\t<div class=\"elementor-widget-wrap elementor-element-populated\">\n\t\t\t\t\t\t<div class=\"elementor-element elementor-element-42ce1b78 elementor-view-stacked elementor-shape-circle elementor-position-block-start elementor-mobile-position-block-start elementor-widget elementor-widget-icon-box\" data-id=\"42ce1b78\" data-element_type=\"widget\" data-e-type=\"widget\" data-widget_type=\"icon-box.default\">\n\t\t\t\t\t\t\t<div class=\"elementor-icon-box-wrapper\">\n\n\t\t\t\t\t\t<div class=\"elementor-icon-box-icon\">\n\t\t\t\t<span  class=\"elementor-icon\">\n\t\t\t\t<i aria-hidden=\"true\" class=\"icon icon-money-bag2\"><\/i>\t\t\t\t<\/span>\n\t\t\t<\/div>\n\t\t\t\n\t\t\t\t\t\t<div class=\"elementor-icon-box-content\">\n\n\t\t\t\t\t\t\t\t\t<h5 class=\"elementor-icon-box-title\">\n\t\t\t\t\t\t<span  >\n\t\t\t\t\t\t\tRegelm\u00e4ssiges Einkommen\t\t\t\t\t\t<\/span>\n\t\t\t\t\t<\/h5>\n\t\t\t\t\n\t\t\t\t\t\t\t\t\t<p class=\"elementor-icon-box-description\">\n\t\t\t\t\t\tEin stabiles und nachweisbares Einkommen ist wichtig f\u00fcr die Kreditbewilligung.\t\t\t\t\t<\/p>\n\t\t\t\t\n\t\t\t<\/div>\n\t\t\t\n\t\t<\/div>\n\t\t\t\t\t\t<\/div>\n\t\t\t\t\t<\/div>\n\t\t<\/div>\n\t\t\t\t\t<\/div>\n\t\t<\/section>\n\t\t\t\t<section class=\"elementor-section elementor-inner-section elementor-element elementor-element-56b5b59b elementor-section-boxed elementor-section-height-default elementor-section-height-default\" data-id=\"56b5b59b\" data-element_type=\"section\" data-e-type=\"section\">\n\t\t\t\t\t\t<div class=\"elementor-container elementor-column-gap-no\">\n\t\t\t\t\t<div class=\"elementor-column elementor-col-50 elementor-inner-column elementor-element elementor-element-153973f4\" data-id=\"153973f4\" data-element_type=\"column\" data-e-type=\"column\">\n\t\t\t<div class=\"elementor-widget-wrap elementor-element-populated\">\n\t\t\t\t\t\t<div class=\"elementor-element elementor-element-4bf2cc89 elementor-view-stacked elementor-shape-circle elementor-position-block-start elementor-mobile-position-block-start elementor-widget elementor-widget-icon-box\" data-id=\"4bf2cc89\" data-element_type=\"widget\" data-e-type=\"widget\" data-widget_type=\"icon-box.default\">\n\t\t\t\t\t\t\t<div class=\"elementor-icon-box-wrapper\">\n\n\t\t\t\t\t\t<div class=\"elementor-icon-box-icon\">\n\t\t\t\t<span  class=\"elementor-icon\">\n\t\t\t\t<i aria-hidden=\"true\" class=\"icon icon-worker\"><\/i>\t\t\t\t<\/span>\n\t\t\t<\/div>\n\t\t\t\n\t\t\t\t\t\t<div class=\"elementor-icon-box-content\">\n\n\t\t\t\t\t\t\t\t\t<h5 class=\"elementor-icon-box-title\">\n\t\t\t\t\t\t<span  >\n\t\t\t\t\t\t\tBonit\u00e4t \/ Kreditw\u00fcrdigkeit\t\t\t\t\t\t<\/span>\n\t\t\t\t\t<\/h5>\n\t\t\t\t\n\t\t\t\t\t\t\t\t\t<p class=\"elementor-icon-box-description\">\n\t\t\t\t\t\tIhre finanzielle Situation, inklusive bestehender Kredite oder Betreibungen, wird gepr\u00fcft. Ein negativer Score kann die Bewilligung erschweren.\n<br>\n<br>\t\t\t\t\t<\/p>\n\t\t\t\t\n\t\t\t<\/div>\n\t\t\t\n\t\t<\/div>\n\t\t\t\t\t\t<\/div>\n\t\t\t\t\t<\/div>\n\t\t<\/div>\n\t\t\t\t<div class=\"elementor-column elementor-col-50 elementor-inner-column elementor-element elementor-element-1b5be9e4\" data-id=\"1b5be9e4\" data-element_type=\"column\" data-e-type=\"column\">\n\t\t\t<div class=\"elementor-widget-wrap elementor-element-populated\">\n\t\t\t\t\t\t<div class=\"elementor-element elementor-element-4718d68f elementor-view-stacked elementor-shape-circle elementor-position-block-start elementor-mobile-position-block-start elementor-widget elementor-widget-icon-box\" data-id=\"4718d68f\" data-element_type=\"widget\" data-e-type=\"widget\" data-widget_type=\"icon-box.default\">\n\t\t\t\t\t\t\t<div class=\"elementor-icon-box-wrapper\">\n\n\t\t\t\t\t\t<div class=\"elementor-icon-box-icon\">\n\t\t\t\t<span  class=\"elementor-icon\">\n\t\t\t\t<i aria-hidden=\"true\" class=\"icon icon-Safe-house\"><\/i>\t\t\t\t<\/span>\n\t\t\t<\/div>\n\t\t\t\n\t\t\t\t\t\t<div class=\"elementor-icon-box-content\">\n\n\t\t\t\t\t\t\t\t\t<h5 class=\"elementor-icon-box-title\">\n\t\t\t\t\t\t<span  >\n\t\t\t\t\t\t\tGesetzliche Vorgaben\t\t\t\t\t\t<\/span>\n\t\t\t\t\t<\/h5>\n\t\t\t\t\n\t\t\t\t\t\t\t\t\t<p class=\"elementor-icon-box-description\">\n\t\t\t\t\t\tDie Kreditvergabe darf nicht zu einer \u00dcberschuldung f\u00fchren (\u00a7 3 UWG). Das bedeutet, der Kredit darf nicht mehr Schulden verursachen, als Sie tragen k\u00f6nnen.\t\t\t\t\t<\/p>\n\t\t\t\t\n\t\t\t<\/div>\n\t\t\t\n\t\t<\/div>\n\t\t\t\t\t\t<\/div>\n\t\t\t\t\t<\/div>\n\t\t<\/div>\n\t\t\t\t\t<\/div>\n\t\t<\/section>\n\t\t\t\t\t<\/div>\n\t\t<\/div>\n\t\t\t\t\t<\/div>\n\t\t<\/section>\n\t\t<div class=\"elementor-element elementor-element-9b2b9e4 e-flex e-con-boxed e-con e-parent\" data-id=\"9b2b9e4\" data-element_type=\"container\" data-e-type=\"container\" data-settings=\"{&quot;background_background&quot;:&quot;classic&quot;}\">\n\t\t\t\t\t<div class=\"e-con-inner\">\n\t\t\t\t<div class=\"elementor-element elementor-element-d060cce elementor-widget elementor-widget-heading\" data-id=\"d060cce\" data-element_type=\"widget\" data-e-type=\"widget\" data-widget_type=\"heading.default\">\n\t\t\t\t\t<h2 class=\"elementor-heading-title elementor-size-default\">Die wichtigsten Ablehnungsgr\u00fcnde<\/h2>\t\t\t\t<\/div>\n\t\t\t\t<div class=\"elementor-element elementor-element-125e168 elementor-widget elementor-widget-text-editor\" data-id=\"125e168\" data-element_type=\"widget\" data-e-type=\"widget\" data-widget_type=\"text-editor.default\">\n\t\t\t\t\t\t\t\t\t<p><strong>Sie sind nicht kreditf\u00e4hig:\u00a0<\/strong>Das\u00a0<a href=\"https:\/\/www.fedlex.admin.ch\/eli\/cc\/2002\/593\/de\" target=\"_blank\" rel=\"noopener noreferrer\"><strong>Konsumkreditgesetz KKG<\/strong><\/a>\u00a0schreibt vor, dass Sie einen Kredit in 36 Monaten mit dem frei verf\u00fcgbaren, pf\u00e4ndbaren Einkommen zur\u00fcckzahlen k\u00f6nnen m\u00fcssen. Ihr Budget wird f\u00fcr diese Pr\u00fcfung nach KKG-Kriterien berechnet. Sind Sie arbeitslos, IV- oder Sozialhilfe-Bez\u00fcger oder AHV-Rentner verunm\u00f6glicht entweder die Einkommenssituation klar eine Kreditf\u00e4higkeit, oder die Art des Einkommens ist nicht pf\u00e4ndbar.<\/p><p><strong>Laufende Betreibungen:\u00a0<\/strong>Offene Betreibungen f\u00fchren zur Ablehnung. Bezahlte Betreibungen, die noch im Auszug eingetragen sind, wirken sich negativ aus oder f\u00fchren zur Ablehnung. Wiederholte Betreibungen oder sogar Pf\u00e4ndungen, Schuldscheine oder Konkurs f\u00fchren l\u00e4ngerfristig zum Ausschluss von Krediten.<\/p><p><strong>Zahlungshistorie und negative ZEK-Eintr\u00e4ge:<\/strong>\u00a0Daten \u00fcber Ihre Bonit\u00e4t und Ihr Zahlungsverhalten wird neben Betreibungen auch in Bonit\u00e4tsdatenbanken gespeichert. In der ZEK werden Informationen zu Ihren laufenden und vergangenen Kredit-, Leasing- und Kreditkarten-Vertr\u00e4gen vermerkt, die sich auf Ihre Kreditbewilligung auswirken.<\/p><p><strong>Arbeitsverh\u00e4ltnis<\/strong>: Wenn Sie nicht unbefristet angestellt sind und die Probezeit verstrichen ist, gelten f\u00fcr Ihr Arbeitsverh\u00e4ltnis &#8211; befristet, tempor\u00e4r oder selbst\u00e4ndig &#8211; zus\u00e4tzliche Einschr\u00e4nkungen und Fristen.<\/p>\t\t\t\t\t\t\t\t<\/div>\n\t\t\t\t\t<\/div>\n\t\t\t\t<\/div>\n\t\t\t\t<\/div>","protected":false},"excerpt":{"rendered":"<p>Kredit-voraussetzungen Die wichtigsten Voraussetzungen, wenn Sie einen Kredit aufnehmen m\u00f6chten Bei der\u00a0Kreditaufnahme in der Schweiz\u00a0werden vielf\u00e4ltige Kriterien angewendet. Die Auspr\u00e4gungen dieser Kriterien werden von jedem Kreditanbieter anders bewertet. Neben gesetzlichen Vorgaben wendet jeder Kreditgeber seine sogenannten\u00a0Risikokriterien, auch Scorings genannt, an. Aufgrund dieser Bewertung entscheidet der Anbieter, ob und zu welchem Zins er Ihnen einen Kredit [&hellip;]<\/p>\n","protected":false},"author":1,"featured_media":0,"parent":0,"menu_order":0,"comment_status":"closed","ping_status":"closed","template":"elementor_header_footer","meta":{"footnotes":""},"class_list":["post-1264","page","type-page","status-publish","hentry"],"_hostinger_reach_plugin_has_subscription_block":false,"_hostinger_reach_plugin_is_elementor":false,"_links":{"self":[{"href":"https:\/\/financialservices.artfoisprojects.xyz\/en\/wp-json\/wp\/v2\/pages\/1264","targetHints":{"allow":["GET"]}}],"collection":[{"href":"https:\/\/financialservices.artfoisprojects.xyz\/en\/wp-json\/wp\/v2\/pages"}],"about":[{"href":"https:\/\/financialservices.artfoisprojects.xyz\/en\/wp-json\/wp\/v2\/types\/page"}],"author":[{"embeddable":true,"href":"https:\/\/financialservices.artfoisprojects.xyz\/en\/wp-json\/wp\/v2\/users\/1"}],"replies":[{"embeddable":true,"href":"https:\/\/financialservices.artfoisprojects.xyz\/en\/wp-json\/wp\/v2\/comments?post=1264"}],"version-history":[{"count":19,"href":"https:\/\/financialservices.artfoisprojects.xyz\/en\/wp-json\/wp\/v2\/pages\/1264\/revisions"}],"predecessor-version":[{"id":1641,"href":"https:\/\/financialservices.artfoisprojects.xyz\/en\/wp-json\/wp\/v2\/pages\/1264\/revisions\/1641"}],"wp:attachment":[{"href":"https:\/\/financialservices.artfoisprojects.xyz\/en\/wp-json\/wp\/v2\/media?parent=1264"}],"curies":[{"name":"wp","href":"https:\/\/api.w.org\/{rel}","templated":true}]}}