{"id":1794,"date":"2026-02-28T22:10:13","date_gmt":"2026-02-28T22:10:13","guid":{"rendered":"https:\/\/financialservices.artfoisprojects.xyz\/?page_id=1794"},"modified":"2026-03-02T00:32:24","modified_gmt":"2026-03-02T00:32:24","slug":"disclaimer","status":"publish","type":"page","link":"https:\/\/financialservices.artfoisprojects.xyz\/en\/disclaimer\/","title":{"rendered":"disclaimer"},"content":{"rendered":"<div data-elementor-type=\"wp-page\" data-elementor-id=\"1794\" class=\"elementor elementor-1794\" data-elementor-post-type=\"page\">\n\t\t\t\t\t\t<section class=\"elementor-section elementor-top-section elementor-element elementor-element-7bbee175 elementor-section-height-min-height elementor-section-boxed elementor-section-height-default elementor-section-items-middle\" data-id=\"7bbee175\" data-element_type=\"section\" data-e-type=\"section\" data-settings=\"{&quot;background_background&quot;:&quot;classic&quot;}\">\n\t\t\t\t\t\t\t<div class=\"elementor-background-overlay\"><\/div>\n\t\t\t\t\t\t\t<div class=\"elementor-container elementor-column-gap-no\">\n\t\t\t\t\t<div class=\"elementor-column elementor-col-100 elementor-top-column elementor-element elementor-element-62d5a0e0\" data-id=\"62d5a0e0\" data-element_type=\"column\" data-e-type=\"column\">\n\t\t\t<div class=\"elementor-widget-wrap elementor-element-populated\">\n\t\t\t\t\t\t<div class=\"elementor-element elementor-element-31f4dc elementor-widget elementor-widget-heading\" data-id=\"31f4dc\" data-element_type=\"widget\" data-e-type=\"widget\" data-widget_type=\"heading.default\">\n\t\t\t\t\t<h1 class=\"elementor-heading-title elementor-size-default\"> Disclaimer<\/h1>\t\t\t\t<\/div>\n\t\t\t\t\t<\/div>\n\t\t<\/div>\n\t\t\t\t\t<\/div>\n\t\t<\/section>\n\t\t\t\t<section class=\"elementor-section elementor-top-section elementor-element elementor-element-fcb2d23 elementor-section-boxed elementor-section-height-default elementor-section-height-default\" data-id=\"fcb2d23\" data-element_type=\"section\" data-e-type=\"section\">\n\t\t\t\t\t\t<div class=\"elementor-container elementor-column-gap-no\">\n\t\t\t\t\t<div class=\"elementor-column elementor-col-100 elementor-top-column elementor-element elementor-element-7e346687\" data-id=\"7e346687\" data-element_type=\"column\" data-e-type=\"column\">\n\t\t\t<div class=\"elementor-widget-wrap elementor-element-populated\">\n\t\t\t\t\t\t<section class=\"elementor-section elementor-inner-section elementor-element elementor-element-284f1f3 elementor-section-boxed elementor-section-height-default elementor-section-height-default\" data-id=\"284f1f3\" data-element_type=\"section\" data-e-type=\"section\">\n\t\t\t\t\t\t<div class=\"elementor-container elementor-column-gap-no\">\n\t\t\t\t\t<div class=\"elementor-column elementor-col-100 elementor-inner-column elementor-element elementor-element-6da3eaf5\" data-id=\"6da3eaf5\" data-element_type=\"column\" data-e-type=\"column\">\n\t\t\t<div class=\"elementor-widget-wrap elementor-element-populated\">\n\t\t\t\t\t\t<div class=\"elementor-element elementor-element-7dff7b82 elementor-widget elementor-widget-heading\" data-id=\"7dff7b82\" data-element_type=\"widget\" data-e-type=\"widget\" data-widget_type=\"heading.default\">\n\t\t\t\t\t<h3 class=\"elementor-heading-title elementor-size-default\"><div><article dir=\"auto\" data-turn-id=\"request-WEB:b0e512da-f29d-4db0-b075-dcb37e37e216-60\" data-testid=\"conversation-turn-88\" data-scroll-anchor=\"true\" data-turn=\"assistant\"><div><div><div><div data-message-author-role=\"assistant\" data-message-id=\"ec3b86c5-d2f3-42a0-86d0-c92d5f7be24c\" dir=\"auto\" data-message-model-slug=\"gpt-5-2\"><div><div><p data-start=\"0\" data-end=\"22\" data-is-last-node=\"\" data-is-only-node=\"\"><strong data-start=\"0\" data-end=\"22\" data-is-last-node=\"\" data-is-only-node=\"\"><font dir=\"auto\" style=\"vertical-align: inherit\"><font dir=\"auto\" style=\"vertical-align: inherit\">Disclaimer<\/font><\/font><\/strong><span style=\"background-color: transparent\"><\/span><\/p><\/div><\/div><\/div><\/div><\/div><\/div><\/article><\/div><\/h3>\t\t\t\t<\/div>\n\t\t\t\t<div class=\"elementor-element elementor-element-50bbfb4b elementor-widget elementor-widget-text-editor\" data-id=\"50bbfb4b\" data-element_type=\"widget\" data-e-type=\"widget\" data-widget_type=\"text-editor.default\">\n\t\t\t\t\t\t\t\t\t<p data-start=\"1413\" data-end=\"1580\">Ich nehme zur Kenntnis und willige ein, dass Credita GmbH meinen Antrag an die NAME BANKEN\/FINANZIERUNGSINSTITUTE (je einzeln nachfolgend das \u201eFinanzierungsinstitut\u201c) \u00fcber das Internet, via Email oder per Fax\/Post weiterleitet. Zudem best\u00e4tige ich Folgendes:<\/p><p data-start=\"1413\" data-end=\"1580\"><strong>Antragspr\u00fcfung und Kreditauskunftsdaten:<\/strong> Ich best\u00e4tige die Richtigkeit aller meiner Angaben und erm\u00e4chtige das Finanzierungsinstitut, im Zusammenhang mit der Pr\u00fcfung dieses Antrags und der Abwicklung der vertraglichen Beziehung \u00fcber mich Ausk\u00fcnfte bei Dritten, insbesondere Banken, der Zentralstelle f\u00fcr Kreditinformation (ZEK), Beh\u00f6rden (z.B. Betreibungs- und Steuer\u00e4mtern, Einwohnerkontrollen, Kindes- und Erwachsenenschutzbeh\u00f6rden), Wirtschaftsauskunfteien, Kreditvermittlern, Arbeitgebern, Konzerngesellschaften des Finanzierungsinstituts und gegebenenfalls der Informationsstelle f\u00fcr Konsumkredit (IKO) einzuholen. Zu den vorgenannten Zwecken entbinde ich diese Stellen vom Bankkunden-, Post-, Amts- beziehungsweise Gesch\u00e4ftsgeheimnis. Ich erm\u00e4chtige das Finanzierungsinstitut ausserdem, das beantragte Gesch\u00e4ft der ZEK und gegebenenfalls der IKO mitzuteilen sowie bei entsprechenden gesetzlichen Pflichten auch anderen Stellen Meldung zu erstatten. Gemeldet werden dabei namentlich Kredit- bzw. Finanzierungsart, -h\u00f6he und -modalit\u00e4ten sowie die Personalien des\/der Antragstellenden und allenfalls qualifizierte Zahlungsr\u00fcckst\u00e4nde oder Missbr\u00e4uche. Ich anerkenne das Recht der ZEK und der IKO, ihren Mitgliedern \u00fcber die gemeldeten Daten Ausk\u00fcnfte zu erteilen. Das Finanzierungsinstitut kann den Antrag ohne Angabe von Gr\u00fcnden ablehnen.<\/p><p data-start=\"1413\" data-end=\"1580\"><strong>Zusammenarbeit mit Vermittlern:<\/strong> Das Finanzierungsinstitut kann bei Antr\u00e4gen, die es von einem Vermittler erh\u00e4lt, mit diesem die notwendigen Informationen im Zusammenhang mit Antrags- \/Kreditf\u00e4higkeitspr\u00fcfung sowie Vertragsabschluss und -abwicklung austauschen.\u00a0<\/p><p data-start=\"1413\" data-end=\"1580\"><strong>Angaben zu Partnern:<\/strong> Falls ich im Antrag Angaben zu meinem\/r Ehepartner-\/-in bzw. eingetragenem\/n Partner\/-in (\u201ePartner\u201c) gemacht habe, best\u00e4tige ich, dass (i) ich meinen Partner \u00fcber diesen Antrag informiert habe, (ii) das Finanzierungsinstitut die obenstehenden Angaben mittels direkter R\u00fcckfragen bei meinem Partner \u00fcberpr\u00fcfen darf, und (iii) mein Partner damit einverstanden ist, dass das Finanzierungsinstitut ihn betreffende Ausk\u00fcnfte wie oben beschrieben (einschliesslich Durchf\u00fchrung von Informativanfragen bei der ZEK) einholen darf.\u00a0<\/p><p data-start=\"1413\" data-end=\"1580\"><strong>Datenbearbeitung:<\/strong> Ich erm\u00e4chtige das Finanzierungsinstitut, meine Daten auch zu Risikomanagement- und Marketingzwecken zu bearbeiten und auszuwerten und dabei Profile zu erstellen. Ich erm\u00e4chtige das Finanzierungsinstitut, mir andere Produkte und Dienstleistungen, auch von Konzerngesellschaften des Finanzierungsinstitutes, anzubieten. Ich kann diese Erm\u00e4chtigung zur Datenbearbeitung zu Marketingzwecken bzw. zur Zustellung von Informationen jederzeit widerrufen.\u00a0<\/p><p data-start=\"1413\" data-end=\"1580\"><strong>Zusammenarbeit mit Dienstleistern (Outsourcing):<\/strong> Das Finanzierungsinstitut kann Dienstleistungen an Dritte auslagern (\u201eDienstleister\u201c), insbesondere im Bereich der Abwicklung von Gesch\u00e4ftsprozessen, IT-Sicherheit und Systemsteuerung, Marktforschung und -bearbeitung, der Berechnung von gesch\u00e4ftsrelevanten Kredit- und Marktrisiken sowie der Administration von Vertragsverh\u00e4ltnissen (z.B. Antrags- und Vertragsabwicklung, Inkasso, Kommunikation mit Kunden). Das Finanzierungsinstitut stellt diesen Dienstleistern die zur Erf\u00fcllung der vertraglichen Pflichten notwendigen Daten zur Verf\u00fcgung und kann diese Daten daf\u00fcr auch ins Ausland weiterleiten. Dienstleister, deren Mitarbeiter sowie Subunternehmer sind dabei vertraglich zur Einhaltung des Datenschutzes gem\u00e4ss den Anforderungen des schweizerischen Datenschutzgesetzes, zur Wahrung des Bankkundengeheimnisses entsprechend dem schweizerischen Bankengesetz und zur Vertraulichkeit verpflichtet. Ich nehme in diesem Zusammenhang zur Kenntnis, dass meine Daten an Dienstleister in Staaten weitergeleitet werden k\u00f6nnen, die gegebenenfalls \u00fcber keinen gleichwertigen Datenschutz wie die Schweiz verf\u00fcgen. Ich best\u00e4tige, dass ich mit der Verwendung von elektronischer Kommunikation zwischen dem Finanzierungsinstitut und mir bzw. dem Vermittler einverstanden bin. Ich akzeptiere die \u00dcbermittlung von Daten auch \u00fcber das Internet und mir ist bewusst, dass das Internet ein offenes, f\u00fcr jedermann zug\u00e4ngliches Netz darstellt. Entsprechend k\u00f6nnen NAME \/ FIRMA AGENT sowie das Finanzierungsinstitut die Vertraulichkeit von Daten bei der \u00dcbertragung \u00fcber das Internet nicht gew\u00e4hrleisten. R\u00fcckschl\u00fcsse Dritter auf eine zwischen mir und dem Finanzierungsinstitut bestehende bzw. bevorstehende Gesch\u00e4ftsbeziehung (allenfalls Bankbeziehung) sind daher m\u00f6glich.<\/p><p data-start=\"1413\" data-end=\"1580\"><strong>Die Kreditvergabe ist verboten, falls sie zur \u00dcberschuldung f\u00fchrt (Art. 3 UWG).<\/strong><\/p>\t\t\t\t\t\t\t\t<\/div>\n\t\t\t\t\t<\/div>\n\t\t<\/div>\n\t\t\t\t\t<\/div>\n\t\t<\/section>\n\t\t\t\t\t<\/div>\n\t\t<\/div>\n\t\t\t\t\t<\/div>\n\t\t<\/section>\n\t\t<div class=\"elementor-element elementor-element-40e051a e-flex e-con-boxed e-con e-parent\" data-id=\"40e051a\" data-element_type=\"container\" data-e-type=\"container\">\n\t\t\t\t\t<div class=\"e-con-inner\">\n\t\t\t\t<div class=\"elementor-element elementor-element-9924f4d elementor-widget elementor-widget-spacer\" data-id=\"9924f4d\" data-element_type=\"widget\" data-e-type=\"widget\" data-widget_type=\"spacer.default\">\n\t\t\t\t\t\t\t<div class=\"elementor-spacer\">\n\t\t\t<div class=\"elementor-spacer-inner\"><\/div>\n\t\t<\/div>\n\t\t\t\t\t\t<\/div>\n\t\t\t\t\t<\/div>\n\t\t\t\t<\/div>\n\t\t\t\t<\/div>","protected":false},"excerpt":{"rendered":"<p>Disclaimer Disclaimer Ich nehme zur Kenntnis und willige ein, dass Credita GmbH meinen Antrag an die NAME BANKEN\/FINANZIERUNGSINSTITUTE (je einzeln nachfolgend das \u201eFinanzierungsinstitut\u201c) \u00fcber das Internet, via Email oder per Fax\/Post weiterleitet. Zudem best\u00e4tige ich Folgendes: Antragspr\u00fcfung und Kreditauskunftsdaten: Ich best\u00e4tige die Richtigkeit aller meiner Angaben und erm\u00e4chtige das Finanzierungsinstitut, im Zusammenhang mit der Pr\u00fcfung [&hellip;]<\/p>\n","protected":false},"author":1,"featured_media":0,"parent":0,"menu_order":0,"comment_status":"closed","ping_status":"closed","template":"elementor_header_footer","meta":{"footnotes":""},"class_list":["post-1794","page","type-page","status-publish","hentry"],"_hostinger_reach_plugin_has_subscription_block":false,"_hostinger_reach_plugin_is_elementor":false,"_links":{"self":[{"href":"https:\/\/financialservices.artfoisprojects.xyz\/en\/wp-json\/wp\/v2\/pages\/1794","targetHints":{"allow":["GET"]}}],"collection":[{"href":"https:\/\/financialservices.artfoisprojects.xyz\/en\/wp-json\/wp\/v2\/pages"}],"about":[{"href":"https:\/\/financialservices.artfoisprojects.xyz\/en\/wp-json\/wp\/v2\/types\/page"}],"author":[{"embeddable":true,"href":"https:\/\/financialservices.artfoisprojects.xyz\/en\/wp-json\/wp\/v2\/users\/1"}],"replies":[{"embeddable":true,"href":"https:\/\/financialservices.artfoisprojects.xyz\/en\/wp-json\/wp\/v2\/comments?post=1794"}],"version-history":[{"count":14,"href":"https:\/\/financialservices.artfoisprojects.xyz\/en\/wp-json\/wp\/v2\/pages\/1794\/revisions"}],"predecessor-version":[{"id":1879,"href":"https:\/\/financialservices.artfoisprojects.xyz\/en\/wp-json\/wp\/v2\/pages\/1794\/revisions\/1879"}],"wp:attachment":[{"href":"https:\/\/financialservices.artfoisprojects.xyz\/en\/wp-json\/wp\/v2\/media?parent=1794"}],"curies":[{"name":"wp","href":"https:\/\/api.w.org\/{rel}","templated":true}]}}