{"id":892,"date":"2026-01-06T20:25:59","date_gmt":"2026-01-06T20:25:59","guid":{"rendered":"https:\/\/financialservices.artfoisprojects.xyz\/?page_id=892"},"modified":"2026-03-02T06:48:45","modified_gmt":"2026-03-02T06:48:45","slug":"ueber-uns","status":"publish","type":"page","link":"https:\/\/financialservices.artfoisprojects.xyz\/en\/ueber-uns\/","title":{"rendered":"About us"},"content":{"rendered":"<div data-elementor-type=\"wp-page\" data-elementor-id=\"892\" class=\"elementor elementor-892\" data-elementor-post-type=\"page\">\n\t\t\t\t\t\t<section class=\"elementor-section elementor-top-section elementor-element elementor-element-7e7b5c63 elementor-section-height-min-height elementor-section-boxed elementor-section-height-default elementor-section-items-middle\" data-id=\"7e7b5c63\" data-element_type=\"section\" data-e-type=\"section\" data-settings=\"{&quot;background_background&quot;:&quot;classic&quot;}\">\n\t\t\t\t\t\t\t<div class=\"elementor-background-overlay\"><\/div>\n\t\t\t\t\t\t\t<div class=\"elementor-container elementor-column-gap-no\">\n\t\t\t\t\t<div class=\"elementor-column elementor-col-100 elementor-top-column elementor-element elementor-element-3ab8b84\" data-id=\"3ab8b84\" data-element_type=\"column\" data-e-type=\"column\">\n\t\t\t<div class=\"elementor-widget-wrap elementor-element-populated\">\n\t\t\t\t\t\t<div class=\"elementor-element elementor-element-71f48d23 elementor-widget elementor-widget-heading\" data-id=\"71f48d23\" data-element_type=\"widget\" data-e-type=\"widget\" data-widget_type=\"heading.default\">\n\t\t\t\t\t<h1 class=\"elementor-heading-title elementor-size-default\">About us<\/h1>\t\t\t\t<\/div>\n\t\t\t\t\t<\/div>\n\t\t<\/div>\n\t\t\t\t\t<\/div>\n\t\t<\/section>\n\t\t\t\t<section class=\"elementor-section elementor-top-section elementor-element elementor-element-494c8b20 elementor-section-boxed elementor-section-height-default elementor-section-height-default\" data-id=\"494c8b20\" data-element_type=\"section\" data-e-type=\"section\">\n\t\t\t\t\t\t<div class=\"elementor-container elementor-column-gap-no\">\n\t\t\t\t\t<div class=\"elementor-column elementor-col-100 elementor-top-column elementor-element elementor-element-6bd27dec\" data-id=\"6bd27dec\" data-element_type=\"column\" data-e-type=\"column\">\n\t\t\t<div class=\"elementor-widget-wrap elementor-element-populated\">\n\t\t\t\t\t\t<section class=\"elementor-section elementor-inner-section elementor-element elementor-element-4c26aa8a elementor-section-boxed elementor-section-height-default elementor-section-height-default\" data-id=\"4c26aa8a\" data-element_type=\"section\" data-e-type=\"section\">\n\t\t\t\t\t\t<div class=\"elementor-container elementor-column-gap-no\">\n\t\t\t\t\t<div class=\"elementor-column elementor-col-50 elementor-inner-column elementor-element elementor-element-6ade6f30\" data-id=\"6ade6f30\" data-element_type=\"column\" data-e-type=\"column\">\n\t\t\t<div class=\"elementor-widget-wrap elementor-element-populated\">\n\t\t\t\t\t\t<div class=\"elementor-element elementor-element-b56666c elementor-widget elementor-widget-heading\" data-id=\"b56666c\" data-element_type=\"widget\" data-e-type=\"widget\" data-widget_type=\"heading.default\">\n\t\t\t\t\t<h6 class=\"elementor-heading-title elementor-size-default\">INTRODUCTION ABOUT US<\/h6>\t\t\t\t<\/div>\n\t\t\t\t<div class=\"elementor-element elementor-element-2d3e8c0 elementor-widget elementor-widget-heading\" data-id=\"2d3e8c0\" data-element_type=\"widget\" data-e-type=\"widget\" data-widget_type=\"heading.default\">\n\t\t\t\t\t<h3 class=\"elementor-heading-title elementor-size-default\">Credita GmbH \u2013 Kompetenz aus Erfahrung. Neue St\u00e4rke im Markt.<\/h3>\t\t\t\t<\/div>\n\t\t\t\t<div class=\"elementor-element elementor-element-30241069 elementor-widget elementor-widget-text-editor\" data-id=\"30241069\" data-element_type=\"widget\" data-e-type=\"widget\" data-widget_type=\"text-editor.default\">\n\t\t\t\t\t\t\t\t\t<p data-start=\"164\" data-end=\"316\">Die Credita GmbH ist seit M\u00e4rz 2026 am Schweizer Markt aktiv \u2013 gegr\u00fcndet mit dem Anspruch, Kreditvermittlung auf ein h\u00f6heres Qualit\u00e4tsniveau zu bringen.<\/p><p data-start=\"318\" data-end=\"573\">Auch wenn unser Unternehmen neu positioniert ist, basiert unsere Arbeit auf mehrj\u00e4hriger Berufserfahrung im Finanz- und Bankensektor. Diese Erfahrung aus verschiedenen Bankstrukturen und Finanzinstituten bildet das Fundament unserer heutigen Arbeitsweise.<\/p><p data-start=\"575\" data-end=\"684\">Wir stehen nicht f\u00fcr Standardl\u00f6sungen.<br data-start=\"613\" data-end=\"616\" \/>Wir stehen f\u00fcr Pr\u00e4zision, Verantwortung und kompromisslose Qualit\u00e4t.<\/p><p data-start=\"686\" data-end=\"814\">Unser Fokus liegt darauf, Finanzierungsl\u00f6sungen zu vermitteln, die nicht nur kurzfristig passen, sondern langfristig \u00fcberzeugen<\/p>\t\t\t\t\t\t\t\t<\/div>\n\t\t\t\t\t<\/div>\n\t\t<\/div>\n\t\t\t\t<div class=\"elementor-column elementor-col-50 elementor-inner-column elementor-element elementor-element-24f1f824\" data-id=\"24f1f824\" data-element_type=\"column\" data-e-type=\"column\">\n\t\t\t<div class=\"elementor-widget-wrap elementor-element-populated\">\n\t\t\t\t\t\t<div class=\"elementor-element elementor-element-4f28458d elementor-widget elementor-widget-image\" data-id=\"4f28458d\" data-element_type=\"widget\" data-e-type=\"widget\" data-widget_type=\"image.default\">\n\t\t\t\t\t\t\t\t\t\t\t\t\t\t\t<img fetchpriority=\"high\" decoding=\"async\" width=\"560\" height=\"570\" src=\"https:\/\/financialservices.artfoisprojects.xyz\/wp-content\/uploads\/2025\/12\/image021.jpg\" class=\"attachment-large size-large wp-image-43\" alt=\"\" srcset=\"https:\/\/financialservices.artfoisprojects.xyz\/wp-content\/uploads\/2025\/12\/image021.jpg 560w, https:\/\/financialservices.artfoisprojects.xyz\/wp-content\/uploads\/2025\/12\/image021-295x300.jpg 295w\" sizes=\"(max-width: 560px) 100vw, 560px\" \/>\t\t\t\t\t\t\t\t\t\t\t\t\t\t\t<\/div>\n\t\t\t\t\t<\/div>\n\t\t<\/div>\n\t\t\t\t\t<\/div>\n\t\t<\/section>\n\t\t\t\t\t<\/div>\n\t\t<\/div>\n\t\t\t\t\t<\/div>\n\t\t<\/section>\n\t\t<div class=\"elementor-element elementor-element-a376258 e-flex e-con-boxed e-con e-parent\" data-id=\"a376258\" data-element_type=\"container\" data-e-type=\"container\">\n\t\t\t\t\t<div class=\"e-con-inner\">\n\t\t\t\t<div class=\"elementor-element elementor-element-924f613 elementor-widget elementor-widget-text-editor\" data-id=\"924f613\" data-element_type=\"widget\" data-e-type=\"widget\" data-widget_type=\"text-editor.default\">\n\t\t\t\t\t\t\t\t\t<h3 data-start=\"821\" data-end=\"847\">Unser Qualit\u00e4tsanspruch<\/h3><h5 data-start=\"849\" data-end=\"891\">Marktverst\u00e4ndnis auf h\u00f6chstem Niveau<\/h5><p data-start=\"892\" data-end=\"1108\">Wir analysieren jede Anfrage mit strategischer Sorgfalt und einem klaren Blick f\u00fcr Details. Unsere strukturierte Vorgehensweise erm\u00f6glicht es uns, auch anspruchsvolle Finanzierungsanfragen professionell zu begleiten.<\/p><h5 data-start=\"1110\" data-end=\"1144\">Exklusiver Qualit\u00e4tsanspruch<\/h5><p data-start=\"1145\" data-end=\"1318\">Wir arbeiten nach klar definierten Qualit\u00e4tsstandards. Jede Vermittlung erfolgt verantwortungsbewusst, diskret und mit einem hohen Anspruch an Nachhaltigkeit und Seriosit\u00e4t.<\/p><h5 data-start=\"1320\" data-end=\"1351\">Exklusiver Servicegedanke<\/h5><p data-start=\"1352\" data-end=\"1508\">Wir setzen nicht auf Massenabwicklung, sondern auf strukturierte, individuelle Begleitung. Jede Anfrage wird mit Sorgfalt und strategischem Blick behandelt.<\/p><hr data-start=\"1510\" data-end=\"1513\" \/><h5 data-start=\"1515\" data-end=\"1540\">Absolute Diskretion<\/h5><p data-start=\"1541\" data-end=\"1720\">Vertraulichkeit ist f\u00fcr uns keine Floskel, sondern ein Grundprinzip. Sensible Daten werden mit h\u00f6chster Sorgfalt behandelt und ausschliesslich im notwendigen Rahmen weitergegeben.<\/p><h5 data-start=\"1722\" data-end=\"1768\">Unabh\u00e4ngigkeit mit strategischem Vorteil<\/h5><p data-start=\"1769\" data-end=\"1970\">Durch die Zusammenarbeit mit ausgew\u00e4hlten Finanzierungspartnern verf\u00fcgen wir \u00fcber einen breiten Markt\u00fcberblick. Dadurch k\u00f6nnen wir Optionen objektiv bewerten und gezielt die passende L\u00f6sung vermitteln.<\/p><hr data-start=\"1972\" data-end=\"1975\" \/><h4 data-start=\"1977\" data-end=\"2001\">Unsere Positionierung<\/h4><p data-start=\"2003\" data-end=\"2146\">Die Credita GmbH steht f\u00fcr eine neue Generation der Kreditvermittlung:<br data-start=\"2073\" data-end=\"2076\" \/>Erfahren im Hintergrund. Modern im Auftritt. Pr\u00e4zise in der Umsetzung.<\/p><p data-start=\"2148\" data-end=\"2305\">Die Credita GmbH versteht sich als anspruchsvoller Vermittlungspartner f\u00fcr Kundinnen und Kunden, die Wert auf Professionalit\u00e4t, Klarheit und Effizienz legen.<\/p><p data-start=\"2307\" data-end=\"2429\">Wir begleiten unsere Mandanten strukturiert, diskret und l\u00f6sungsorientiert \u2013 vom Erstkontakt bis zur m\u00f6glichen Auszahlung.<\/p>\t\t\t\t\t\t\t\t<\/div>\n\t\t\t\t\t<\/div>\n\t\t\t\t<\/div>\n\t\t<div class=\"elementor-element elementor-element-d25d7af e-flex e-con-boxed e-con e-parent\" data-id=\"d25d7af\" data-element_type=\"container\" data-e-type=\"container\">\n\t\t\t\t\t<div class=\"e-con-inner\">\n\t\t\t\t<div class=\"elementor-element elementor-element-6252779 elementor-widget elementor-widget-spacer\" data-id=\"6252779\" data-element_type=\"widget\" data-e-type=\"widget\" data-widget_type=\"spacer.default\">\n\t\t\t\t\t\t\t<div class=\"elementor-spacer\">\n\t\t\t<div class=\"elementor-spacer-inner\"><\/div>\n\t\t<\/div>\n\t\t\t\t\t\t<\/div>\n\t\t\t\t\t<\/div>\n\t\t\t\t<\/div>\n\t\t\t\t<\/div>","protected":false},"excerpt":{"rendered":"<p>\u00dcber uns EINF\u00dcHRUNG \u00dcBER UNS Credita GmbH \u2013 Kompetenz aus Erfahrung. Neue St\u00e4rke im Markt. Die Credita GmbH ist seit M\u00e4rz 2026 am Schweizer Markt aktiv \u2013 gegr\u00fcndet mit dem Anspruch, Kreditvermittlung auf ein h\u00f6heres Qualit\u00e4tsniveau zu bringen. Auch wenn unser Unternehmen neu positioniert ist, basiert unsere Arbeit auf mehrj\u00e4hriger Berufserfahrung im Finanz- und Bankensektor. [&hellip;]<\/p>\n","protected":false},"author":1,"featured_media":0,"parent":0,"menu_order":0,"comment_status":"closed","ping_status":"closed","template":"elementor_header_footer","meta":{"footnotes":""},"class_list":["post-892","page","type-page","status-publish","hentry"],"_hostinger_reach_plugin_has_subscription_block":false,"_hostinger_reach_plugin_is_elementor":false,"_links":{"self":[{"href":"https:\/\/financialservices.artfoisprojects.xyz\/en\/wp-json\/wp\/v2\/pages\/892","targetHints":{"allow":["GET"]}}],"collection":[{"href":"https:\/\/financialservices.artfoisprojects.xyz\/en\/wp-json\/wp\/v2\/pages"}],"about":[{"href":"https:\/\/financialservices.artfoisprojects.xyz\/en\/wp-json\/wp\/v2\/types\/page"}],"author":[{"embeddable":true,"href":"https:\/\/financialservices.artfoisprojects.xyz\/en\/wp-json\/wp\/v2\/users\/1"}],"replies":[{"embeddable":true,"href":"https:\/\/financialservices.artfoisprojects.xyz\/en\/wp-json\/wp\/v2\/comments?post=892"}],"version-history":[{"count":35,"href":"https:\/\/financialservices.artfoisprojects.xyz\/en\/wp-json\/wp\/v2\/pages\/892\/revisions"}],"predecessor-version":[{"id":1985,"href":"https:\/\/financialservices.artfoisprojects.xyz\/en\/wp-json\/wp\/v2\/pages\/892\/revisions\/1985"}],"wp:attachment":[{"href":"https:\/\/financialservices.artfoisprojects.xyz\/en\/wp-json\/wp\/v2\/media?parent=892"}],"curies":[{"name":"wp","href":"https:\/\/api.w.org\/{rel}","templated":true}]}}