{"id":1031,"date":"2026-01-08T20:58:47","date_gmt":"2026-01-08T20:58:47","guid":{"rendered":"https:\/\/financialservices.artfoisprojects.xyz\/?page_id=1031"},"modified":"2026-02-26T22:21:17","modified_gmt":"2026-02-26T22:21:17","slug":"bonitaetspruefung","status":"publish","type":"page","link":"https:\/\/financialservices.artfoisprojects.xyz\/fr\/bonitaetspruefung\/","title":{"rendered":"V\u00e9rification de la solvabilit\u00e9"},"content":{"rendered":"<div data-elementor-type=\"wp-page\" data-elementor-id=\"1031\" class=\"elementor elementor-1031\" data-elementor-post-type=\"page\">\n\t\t\t\t\t\t<section class=\"elementor-section elementor-top-section elementor-element elementor-element-32990562 elementor-section-height-min-height elementor-section-boxed elementor-section-height-default elementor-section-items-middle\" data-id=\"32990562\" data-element_type=\"section\" data-e-type=\"section\" data-settings=\"{&quot;background_background&quot;:&quot;classic&quot;}\">\n\t\t\t\t\t\t\t<div class=\"elementor-background-overlay\"><\/div>\n\t\t\t\t\t\t\t<div class=\"elementor-container elementor-column-gap-no\">\n\t\t\t\t\t<div class=\"elementor-column elementor-col-100 elementor-top-column elementor-element elementor-element-573b48b4\" data-id=\"573b48b4\" data-element_type=\"column\" data-e-type=\"column\">\n\t\t\t<div class=\"elementor-widget-wrap elementor-element-populated\">\n\t\t\t\t\t\t<div class=\"elementor-element elementor-element-1be57ad1 elementor-widget elementor-widget-heading\" data-id=\"1be57ad1\" data-element_type=\"widget\" data-e-type=\"widget\" data-widget_type=\"heading.default\">\n\t\t\t\t\t<h1 class=\"elementor-heading-title elementor-size-default\">V\u00e9rification de la solvabilit\u00e9<\/h1>\t\t\t\t<\/div>\n\t\t\t\t\t<\/div>\n\t\t<\/div>\n\t\t\t\t\t<\/div>\n\t\t<\/section>\n\t\t\t\t<section class=\"elementor-section elementor-top-section elementor-element elementor-element-118dd815 elementor-reverse-tablet elementor-reverse-mobile elementor-section-boxed elementor-section-height-default elementor-section-height-default\" data-id=\"118dd815\" data-element_type=\"section\" data-e-type=\"section\">\n\t\t\t\t\t\t\t<div class=\"elementor-background-overlay\"><\/div>\n\t\t\t\t\t\t\t<div class=\"elementor-container elementor-column-gap-no\">\n\t\t\t\t\t<div class=\"elementor-column elementor-col-100 elementor-top-column elementor-element elementor-element-2d9a8d94\" data-id=\"2d9a8d94\" data-element_type=\"column\" data-e-type=\"column\">\n\t\t\t<div class=\"elementor-widget-wrap elementor-element-populated\">\n\t\t\t\t\t\t<div class=\"elementor-element elementor-element-dbda413 elementor-widget elementor-widget-heading\" data-id=\"dbda413\" data-element_type=\"widget\" data-e-type=\"widget\" data-widget_type=\"heading.default\">\n\t\t\t\t\t<h6 class=\"elementor-heading-title elementor-size-default\">V\u00e9rification de la solvabilit\u00e9 <\/h6>\t\t\t\t<\/div>\n\t\t\t\t<div class=\"elementor-element elementor-element-22b27021 elementor-widget elementor-widget-heading\" data-id=\"22b27021\" data-element_type=\"widget\" data-e-type=\"widget\" data-widget_type=\"heading.default\">\n\t\t\t\t\t<h3 class=\"elementor-heading-title elementor-size-default\">Bonit\u00e4tspr\u00fcfung bei Credita<\/h3>\t\t\t\t<\/div>\n\t\t\t\t<div class=\"elementor-element elementor-element-43dcedff elementor-widget elementor-widget-text-editor\" data-id=\"43dcedff\" data-element_type=\"widget\" data-e-type=\"widget\" data-widget_type=\"text-editor.default\">\n\t\t\t\t\t\t\t\t\t<p data-start=\"162\" data-end=\"657\">Bei <strong data-start=\"166\" data-end=\"177\">Credita<\/strong>\u00a0steht eine verantwortungsvolle und transparente Kreditvergabe im Mittelpunkt. Die Bonit\u00e4tspr\u00fcfung ist ein zentraler Bestandteil unseres Kreditprozesses und dient dazu, finanzielle Risiken realistisch einzusch\u00e4tzen \u2013 sowohl f\u00fcr unsere Kundinnen und Kunden als auch f\u00fcr unser Unternehmen. Durch eine sorgf\u00e4ltige Analyse der finanziellen Situation und des bisherigen Zahlungsverhaltens schaffen wir die Grundlage f\u00fcr faire Kreditentscheidungen und nachhaltige Finanzierungsl\u00f6sungen.<\/p>\t\t\t\t\t\t\t\t<\/div>\n\t\t\t\t<div class=\"elementor-element elementor-element-ddc8978 elementor-widget elementor-widget-heading\" data-id=\"ddc8978\" data-element_type=\"widget\" data-e-type=\"widget\" data-widget_type=\"heading.default\">\n\t\t\t\t\t<h3 class=\"elementor-heading-title elementor-size-default\">Zweck der Bonit\u00e4tspr\u00fcfung<\/h3>\t\t\t\t<\/div>\n\t\t\t\t<div class=\"elementor-element elementor-element-e8d72f8 elementor-widget elementor-widget-text-editor\" data-id=\"e8d72f8\" data-element_type=\"widget\" data-e-type=\"widget\" data-widget_type=\"text-editor.default\">\n\t\t\t\t\t\t\t\t\t<p data-start=\"265\" data-end=\"516\">Vor jeder Kreditvergabe wird die finanzielle Situation der antragstellenden Person sorgf\u00e4ltig gepr\u00fcft. Diese Bonit\u00e4tspr\u00fcfung erfolgt immer vor Vertragsabschluss \u2013 unabh\u00e4ngig davon, ob es sich um einen Kredit, ein Leasing oder eine Kreditkarte handelt.<\/p><p data-start=\"518\" data-end=\"813\">Ziel der Bonit\u00e4tspr\u00fcfung ist es, zwei zentrale Fragen zu kl\u00e4ren:<br data-start=\"582\" data-end=\"585\" \/>Erstens, ob der Kreditnehmer finanziell in der Lage ist, die Verpflichtungen zu erf\u00fcllen (Kreditf\u00e4higkeit), und zweitens, ob davon auszugehen ist, dass er diese Verpflichtungen auch zuverl\u00e4ssig einhalten wird (Kreditw\u00fcrdigkeit).<\/p><p data-start=\"815\" data-end=\"1094\">Das Ergebnis der Bonit\u00e4tspr\u00fcfung beeinflusst sowohl die Kreditentscheidung als auch \u2013 je nach Anbieter \u2013 die H\u00f6he des Zinssatzes. Ein h\u00f6heres wahrgenommenes Risiko kann sich in h\u00f6heren Zinsen widerspiegeln, da sich der Kreditgeber damit gegen m\u00f6gliche Zahlungsausf\u00e4lle absichert.<\/p>\t\t\t\t\t\t\t\t<\/div>\n\t\t\t\t<div class=\"elementor-element elementor-element-df7b2de elementor-widget elementor-widget-heading\" data-id=\"df7b2de\" data-element_type=\"widget\" data-e-type=\"widget\" data-widget_type=\"heading.default\">\n\t\t\t\t\t<h3 class=\"elementor-heading-title elementor-size-default\">Bonit\u00e4t im Kreditprozess<\/h3>\t\t\t\t<\/div>\n\t\t\t\t<div class=\"elementor-element elementor-element-d687d16 elementor-widget elementor-widget-text-editor\" data-id=\"d687d16\" data-element_type=\"widget\" data-e-type=\"widget\" data-widget_type=\"text-editor.default\">\n\t\t\t\t\t\t\t\t\t<p data-start=\"1130\" data-end=\"1471\">Die Bonit\u00e4t beschreibt die Wahrscheinlichkeit, mit der eine Person ihren finanziellen Verpflichtungen nachkommen kann und wird. Dabei werden sowohl die aktuelle wirtschaftliche Situation als auch das bisherige Zahlungsverhalten ber\u00fccksichtigt. Kreditgeber pr\u00fcfen deshalb systematisch sowohl die Kreditf\u00e4higkeit als auch die Kreditw\u00fcrdigkeit.<\/p><p data-start=\"1473\" data-end=\"1612\">Bei Konsumkrediten ist die \u00dcberpr\u00fcfung der Kreditf\u00e4higkeit gesetzlich vorgeschrieben und unterliegt klar definierten gesetzlichen Vorgaben.<\/p>\t\t\t\t\t\t\t\t<\/div>\n\t\t\t\t<div class=\"elementor-element elementor-element-c77de03 elementor-widget elementor-widget-heading\" data-id=\"c77de03\" data-element_type=\"widget\" data-e-type=\"widget\" data-widget_type=\"heading.default\">\n\t\t\t\t\t<h3 class=\"elementor-heading-title elementor-size-default\">Kreditf\u00e4higkeit \u2013 ist die R\u00fcckzahlung finanziell m\u00f6glich?<\/h3>\t\t\t\t<\/div>\n\t\t\t\t<div class=\"elementor-element elementor-element-3add215 elementor-widget elementor-widget-text-editor\" data-id=\"3add215\" data-element_type=\"widget\" data-e-type=\"widget\" data-widget_type=\"text-editor.default\">\n\t\t\t\t\t\t\t\t\t<p data-start=\"1681\" data-end=\"1893\">Die Kreditf\u00e4higkeit zeigt auf, ob der Kreditnehmer \u00fcber ausreichende finanzielle Mittel verf\u00fcgt, um den beantragten Kredit zur\u00fcckzuzahlen. Grundlage daf\u00fcr ist eine detaillierte Analyse der Einnahmen und Ausgaben.<\/p><p data-start=\"1895\" data-end=\"2173\">F\u00fcr Konsumkredite gilt die gesetzliche Vorgabe, dass der gesamte Kreditbetrag innerhalb von maximal 36 Monaten zur\u00fcckbezahlt werden k\u00f6nnen muss. Daf\u00fcr wird das sogenannte frei verf\u00fcgbare Einkommen berechnet. Die monatliche Kreditbelastung darf diesen Betrag nicht \u00fcberschreiten.<\/p><p data-start=\"2175\" data-end=\"2416\">Die Berechnung erfolgt auf Basis der gesetzlichen Vorgaben des Bundesrechts sowie erg\u00e4nzender kantonaler Richtlinien. Jeder Kreditgeber ist verpflichtet, diese Budgetpr\u00fcfung durchzuf\u00fchren und die Berechnung im Kreditvertrag zu dokumentieren.<\/p><p data-start=\"2418\" data-end=\"2692\">Zus\u00e4tzlich m\u00fcssen bei Krediten nach Konsumkreditgesetz relevante Daten bei der zust\u00e4ndigen Informationsstelle f\u00fcr Konsumkredite (IKO) abgefragt werden. Diese enth\u00e4lt Informationen \u00fcber bestehende Kredite, Leasings und Kreditkarten und dient der Pr\u00e4vention von \u00dcberschuldung.<\/p><p data-start=\"2694\" data-end=\"2747\">Folgende Daten werden dabei gemeldet und verarbeitet:<\/p><ul data-start=\"2749\" data-end=\"3028\"><li data-start=\"2749\" data-end=\"2807\"><p data-start=\"2751\" data-end=\"2807\">Pers\u00f6nliche Angaben wie Name, Adresse und Geburtsdatum<\/p><\/li><li data-start=\"2808\" data-end=\"2827\"><p data-start=\"2810\" data-end=\"2827\">Art des Kredits<\/p><\/li><li data-start=\"2828\" data-end=\"2867\"><p data-start=\"2830\" data-end=\"2867\">Vertragsbeginn und Vertragslaufzeit<\/p><\/li><li data-start=\"2868\" data-end=\"2888\"><p data-start=\"2870\" data-end=\"2888\">Anzahl der Raten<\/p><\/li><li data-start=\"2889\" data-end=\"2941\"><p data-start=\"2891\" data-end=\"2941\">Gesamtkreditbetrag inklusive Zinsen und Geb\u00fchren<\/p><\/li><li data-start=\"2942\" data-end=\"2972\"><p data-start=\"2944\" data-end=\"2972\">H\u00f6he der monatlichen Raten<\/p><\/li><li data-start=\"2973\" data-end=\"3028\"><p data-start=\"2975\" data-end=\"3028\">Zahlungsausst\u00e4nde ab einem bestimmten Schwellenwert<\/p><\/li><\/ul>\t\t\t\t\t\t\t\t<\/div>\n\t\t\t\t\t<\/div>\n\t\t<\/div>\n\t\t\t\t\t<\/div>\n\t\t<\/section>\n\t\t<div class=\"elementor-element elementor-element-32ab07e e-flex e-con-boxed e-con e-parent\" data-id=\"32ab07e\" data-element_type=\"container\" data-e-type=\"container\">\n\t\t\t\t\t<div class=\"e-con-inner\">\n\t\t\t\t<div class=\"elementor-element elementor-element-e948d2b elementor-widget elementor-widget-spacer\" data-id=\"e948d2b\" data-element_type=\"widget\" data-e-type=\"widget\" data-widget_type=\"spacer.default\">\n\t\t\t\t\t\t\t<div class=\"elementor-spacer\">\n\t\t\t<div class=\"elementor-spacer-inner\"><\/div>\n\t\t<\/div>\n\t\t\t\t\t\t<\/div>\n\t\t\t\t\t<\/div>\n\t\t\t\t<\/div>\n\t\t\t\t<\/div>","protected":false},"excerpt":{"rendered":"<p>Bonit\u00e4tspr\u00fcfung Bonit\u00e4tspr\u00fcfung Bonit\u00e4tspr\u00fcfung bei Credita Bei Credita\u00a0steht eine verantwortungsvolle und transparente Kreditvergabe im Mittelpunkt. Die Bonit\u00e4tspr\u00fcfung ist ein zentraler Bestandteil unseres Kreditprozesses und dient dazu, finanzielle Risiken realistisch einzusch\u00e4tzen \u2013 sowohl f\u00fcr unsere Kundinnen und Kunden als auch f\u00fcr unser Unternehmen. Durch eine sorgf\u00e4ltige Analyse der finanziellen Situation und des bisherigen Zahlungsverhaltens schaffen wir die [&hellip;]<\/p>\n","protected":false},"author":1,"featured_media":0,"parent":0,"menu_order":0,"comment_status":"closed","ping_status":"closed","template":"elementor_header_footer","meta":{"footnotes":""},"class_list":["post-1031","page","type-page","status-publish","hentry"],"_hostinger_reach_plugin_has_subscription_block":false,"_hostinger_reach_plugin_is_elementor":false,"_links":{"self":[{"href":"https:\/\/financialservices.artfoisprojects.xyz\/fr\/wp-json\/wp\/v2\/pages\/1031","targetHints":{"allow":["GET"]}}],"collection":[{"href":"https:\/\/financialservices.artfoisprojects.xyz\/fr\/wp-json\/wp\/v2\/pages"}],"about":[{"href":"https:\/\/financialservices.artfoisprojects.xyz\/fr\/wp-json\/wp\/v2\/types\/page"}],"author":[{"embeddable":true,"href":"https:\/\/financialservices.artfoisprojects.xyz\/fr\/wp-json\/wp\/v2\/users\/1"}],"replies":[{"embeddable":true,"href":"https:\/\/financialservices.artfoisprojects.xyz\/fr\/wp-json\/wp\/v2\/comments?post=1031"}],"version-history":[{"count":35,"href":"https:\/\/financialservices.artfoisprojects.xyz\/fr\/wp-json\/wp\/v2\/pages\/1031\/revisions"}],"predecessor-version":[{"id":1635,"href":"https:\/\/financialservices.artfoisprojects.xyz\/fr\/wp-json\/wp\/v2\/pages\/1031\/revisions\/1635"}],"wp:attachment":[{"href":"https:\/\/financialservices.artfoisprojects.xyz\/fr\/wp-json\/wp\/v2\/media?parent=1031"}],"curies":[{"name":"wp","href":"https:\/\/api.w.org\/{rel}","templated":true}]}}