{"id":1031,"date":"2026-01-08T20:58:47","date_gmt":"2026-01-08T20:58:47","guid":{"rendered":"https:\/\/financialservices.artfoisprojects.xyz\/?page_id=1031"},"modified":"2026-02-26T22:21:17","modified_gmt":"2026-02-26T22:21:17","slug":"bonitaetspruefung","status":"publish","type":"page","link":"https:\/\/financialservices.artfoisprojects.xyz\/it\/bonitaetspruefung\/","title":{"rendered":"Valutazione del credito"},"content":{"rendered":"<div data-elementor-type=\"wp-page\" data-elementor-id=\"1031\" class=\"elementor elementor-1031\" data-elementor-post-type=\"page\">\n\t\t\t\t\t\t<section class=\"elementor-section elementor-top-section elementor-element elementor-element-32990562 elementor-section-height-min-height elementor-section-boxed elementor-section-height-default elementor-section-items-middle\" data-id=\"32990562\" data-element_type=\"section\" data-e-type=\"section\" data-settings=\"{&quot;background_background&quot;:&quot;classic&quot;}\">\n\t\t\t\t\t\t\t<div class=\"elementor-background-overlay\"><\/div>\n\t\t\t\t\t\t\t<div class=\"elementor-container elementor-column-gap-no\">\n\t\t\t\t\t<div class=\"elementor-column elementor-col-100 elementor-top-column elementor-element elementor-element-573b48b4\" data-id=\"573b48b4\" data-element_type=\"column\" data-e-type=\"column\">\n\t\t\t<div class=\"elementor-widget-wrap elementor-element-populated\">\n\t\t\t\t\t\t<div class=\"elementor-element elementor-element-1be57ad1 elementor-widget elementor-widget-heading\" data-id=\"1be57ad1\" data-element_type=\"widget\" data-e-type=\"widget\" data-widget_type=\"heading.default\">\n\t\t\t\t\t<h1 class=\"elementor-heading-title elementor-size-default\">Valutazione del credito<\/h1>\t\t\t\t<\/div>\n\t\t\t\t\t<\/div>\n\t\t<\/div>\n\t\t\t\t\t<\/div>\n\t\t<\/section>\n\t\t\t\t<section class=\"elementor-section elementor-top-section elementor-element elementor-element-118dd815 elementor-reverse-tablet elementor-reverse-mobile elementor-section-boxed elementor-section-height-default elementor-section-height-default\" data-id=\"118dd815\" data-element_type=\"section\" data-e-type=\"section\">\n\t\t\t\t\t\t\t<div class=\"elementor-background-overlay\"><\/div>\n\t\t\t\t\t\t\t<div class=\"elementor-container elementor-column-gap-no\">\n\t\t\t\t\t<div class=\"elementor-column elementor-col-100 elementor-top-column elementor-element elementor-element-2d9a8d94\" data-id=\"2d9a8d94\" data-element_type=\"column\" data-e-type=\"column\">\n\t\t\t<div class=\"elementor-widget-wrap elementor-element-populated\">\n\t\t\t\t\t\t<div class=\"elementor-element elementor-element-dbda413 elementor-widget elementor-widget-heading\" data-id=\"dbda413\" data-element_type=\"widget\" data-e-type=\"widget\" data-widget_type=\"heading.default\">\n\t\t\t\t\t<h6 class=\"elementor-heading-title elementor-size-default\">Valutazione del credito <\/h6>\t\t\t\t<\/div>\n\t\t\t\t<div class=\"elementor-element elementor-element-22b27021 elementor-widget elementor-widget-heading\" data-id=\"22b27021\" data-element_type=\"widget\" data-e-type=\"widget\" data-widget_type=\"heading.default\">\n\t\t\t\t\t<h3 class=\"elementor-heading-title elementor-size-default\">Controllo del credito con Credita<\/h3>\t\t\t\t<\/div>\n\t\t\t\t<div class=\"elementor-element elementor-element-43dcedff elementor-widget elementor-widget-text-editor\" data-id=\"43dcedff\" data-element_type=\"widget\" data-e-type=\"widget\" data-widget_type=\"text-editor.default\">\n\t\t\t\t\t\t\t\t\t<p data-start=\"162\" data-end=\"657\">Con <strong data-start=\"166\" data-end=\"177\">Credita<\/strong>\u00a0\u00e8 incentrata sulla concessione di prestiti responsabili e trasparenti. La verifica del credito \u00e8 una componente centrale del nostro processo di credito e serve a valutare realisticamente i rischi finanziari, sia per i nostri clienti che per la nostra azienda. Analizzando attentamente la situazione finanziaria e il comportamento di pagamento precedente, creiamo le basi per decisioni di prestito eque e soluzioni di finanziamento sostenibili.<\/p>\t\t\t\t\t\t\t\t<\/div>\n\t\t\t\t<div class=\"elementor-element elementor-element-ddc8978 elementor-widget elementor-widget-heading\" data-id=\"ddc8978\" data-element_type=\"widget\" data-e-type=\"widget\" data-widget_type=\"heading.default\">\n\t\t\t\t\t<h3 class=\"elementor-heading-title elementor-size-default\">Scopo del controllo del credito<\/h3>\t\t\t\t<\/div>\n\t\t\t\t<div class=\"elementor-element elementor-element-e8d72f8 elementor-widget elementor-widget-text-editor\" data-id=\"e8d72f8\" data-element_type=\"widget\" data-e-type=\"widget\" data-widget_type=\"text-editor.default\">\n\t\t\t\t\t\t\t\t\t<p data-start=\"265\" data-end=\"516\">Prima di concedere un prestito, la situazione finanziaria del richiedente viene attentamente verificata. Questo controllo del credito viene sempre effettuato prima della conclusione del contratto, indipendentemente dal fatto che si tratti di un prestito, di un leasing o di una carta di credito.<\/p><p data-start=\"518\" data-end=\"813\">L'obiettivo della verifica del credito \u00e8 quello di chiarire due questioni chiave:<br data-start=\"582\" data-end=\"585\" \/>In primo luogo, se il mutuatario \u00e8 finanziariamente in grado di adempiere agli obblighi (merito creditizio) e, in secondo luogo, se si pu\u00f2 presumere che il mutuatario adempir\u00e0 in modo affidabile a tali obblighi (merito creditizio).<\/p><p data-start=\"815\" data-end=\"1094\">Il risultato della verifica del credito influenza sia la decisione di credito che, a seconda del fornitore, il tasso di interesse. Un rischio percepito pi\u00f9 elevato pu\u00f2 riflettersi in tassi d'interesse pi\u00f9 alti, in quanto il finanziatore si protegge da possibili mancati pagamenti.<\/p>\t\t\t\t\t\t\t\t<\/div>\n\t\t\t\t<div class=\"elementor-element elementor-element-df7b2de elementor-widget elementor-widget-heading\" data-id=\"df7b2de\" data-element_type=\"widget\" data-e-type=\"widget\" data-widget_type=\"heading.default\">\n\t\t\t\t\t<h3 class=\"elementor-heading-title elementor-size-default\">Il merito creditizio nel processo di credito<\/h3>\t\t\t\t<\/div>\n\t\t\t\t<div class=\"elementor-element elementor-element-d687d16 elementor-widget elementor-widget-text-editor\" data-id=\"d687d16\" data-element_type=\"widget\" data-e-type=\"widget\" data-widget_type=\"text-editor.default\">\n\t\t\t\t\t\t\t\t\t<p data-start=\"1130\" data-end=\"1471\">L'affidabilit\u00e0 creditizia descrive la probabilit\u00e0 che una persona possa e voglia adempiere ai propri obblighi finanziari. Vengono presi in considerazione sia la situazione economica attuale che il comportamento di pagamento precedente. Gli istituti di credito verificano quindi sistematicamente sia l'affidabilit\u00e0 creditizia che la capacit\u00e0 di credito.<\/p><p data-start=\"1473\" data-end=\"1612\">Nel caso dei prestiti al consumo, la verifica del merito creditizio \u00e8 prescritta dalla legge ed \u00e8 soggetta a requisiti legali chiaramente definiti.<\/p>\t\t\t\t\t\t\t\t<\/div>\n\t\t\t\t<div class=\"elementor-element elementor-element-c77de03 elementor-widget elementor-widget-heading\" data-id=\"c77de03\" data-element_type=\"widget\" data-e-type=\"widget\" data-widget_type=\"heading.default\">\n\t\t\t\t\t<h3 class=\"elementor-heading-title elementor-size-default\">Merito creditizio - il rimborso \u00e8 finanziariamente possibile?<\/h3>\t\t\t\t<\/div>\n\t\t\t\t<div class=\"elementor-element elementor-element-3add215 elementor-widget elementor-widget-text-editor\" data-id=\"3add215\" data-element_type=\"widget\" data-e-type=\"widget\" data-widget_type=\"text-editor.default\">\n\t\t\t\t\t\t\t\t\t<p data-start=\"1681\" data-end=\"1893\">L'affidabilit\u00e0 creditizia indica se il mutuatario dispone di risorse finanziarie sufficienti per rimborsare il prestito richiesto. Questo si basa su un'analisi dettagliata del reddito e delle spese.<\/p><p data-start=\"1895\" data-end=\"2173\">Il requisito legale per i prestiti al consumo \u00e8 che l'intero importo del prestito deve poter essere rimborsato entro un massimo di 36 mesi. A tal fine viene calcolato il cosiddetto reddito liberamente disponibile. Il costo mensile del prestito non deve superare questo importo.<\/p><p data-start=\"2175\" data-end=\"2416\">Il calcolo si basa sui requisiti legali della legge federale e sulle linee guida cantonali supplementari. Ogni finanziatore \u00e8 tenuto a effettuare questa verifica del budget e a documentare il calcolo nel contratto di prestito.<\/p><p data-start=\"2418\" data-end=\"2692\">Inoltre, per i prestiti ai sensi della Legge sul Credito al Consumo, \u00e8 necessario richiedere i dati pertinenti al Centro di Informazione per il Credito al Consumo (IKO). Questo contiene informazioni su prestiti, leasing e carte di credito esistenti e serve a prevenire il sovraindebitamento.<\/p><p data-start=\"2694\" data-end=\"2747\">Vengono riportati ed elaborati i seguenti dati:<\/p><ul data-start=\"2749\" data-end=\"3028\"><li data-start=\"2749\" data-end=\"2807\"><p data-start=\"2751\" data-end=\"2807\">Dati personali come nome, indirizzo e data di nascita<\/p><\/li><li data-start=\"2808\" data-end=\"2827\"><p data-start=\"2810\" data-end=\"2827\">Tipo di prestito<\/p><\/li><li data-start=\"2828\" data-end=\"2867\"><p data-start=\"2830\" data-end=\"2867\">Inizio del contratto e durata del contratto<\/p><\/li><li data-start=\"2868\" data-end=\"2888\"><p data-start=\"2870\" data-end=\"2888\">Numero di rate<\/p><\/li><li data-start=\"2889\" data-end=\"2941\"><p data-start=\"2891\" data-end=\"2941\">Importo totale del prestito, compresi interessi e commissioni<\/p><\/li><li data-start=\"2942\" data-end=\"2972\"><p data-start=\"2944\" data-end=\"2972\">Importo delle rate mensili<\/p><\/li><li data-start=\"2973\" data-end=\"3028\"><p data-start=\"2975\" data-end=\"3028\">Pagamenti in sospeso oltre una certa soglia<\/p><\/li><\/ul>\t\t\t\t\t\t\t\t<\/div>\n\t\t\t\t\t<\/div>\n\t\t<\/div>\n\t\t\t\t\t<\/div>\n\t\t<\/section>\n\t\t<div class=\"elementor-element elementor-element-32ab07e e-flex e-con-boxed e-con e-parent\" data-id=\"32ab07e\" data-element_type=\"container\" data-e-type=\"container\">\n\t\t\t\t\t<div class=\"e-con-inner\">\n\t\t\t\t<div class=\"elementor-element elementor-element-e948d2b elementor-widget elementor-widget-spacer\" data-id=\"e948d2b\" data-element_type=\"widget\" data-e-type=\"widget\" data-widget_type=\"spacer.default\">\n\t\t\t\t\t\t\t<div class=\"elementor-spacer\">\n\t\t\t<div class=\"elementor-spacer-inner\"><\/div>\n\t\t<\/div>\n\t\t\t\t\t\t<\/div>\n\t\t\t\t\t<\/div>\n\t\t\t\t<\/div>\n\t\t\t\t<\/div>","protected":false},"excerpt":{"rendered":"<p>Bonit\u00e4tspr\u00fcfung Bonit\u00e4tspr\u00fcfung Bonit\u00e4tspr\u00fcfung bei Credita Bei Credita\u00a0steht eine verantwortungsvolle und transparente Kreditvergabe im Mittelpunkt. Die Bonit\u00e4tspr\u00fcfung ist ein zentraler Bestandteil unseres Kreditprozesses und dient dazu, finanzielle Risiken realistisch einzusch\u00e4tzen \u2013 sowohl f\u00fcr unsere Kundinnen und Kunden als auch f\u00fcr unser Unternehmen. Durch eine sorgf\u00e4ltige Analyse der finanziellen Situation und des bisherigen Zahlungsverhaltens schaffen wir die [&hellip;]<\/p>\n","protected":false},"author":1,"featured_media":0,"parent":0,"menu_order":0,"comment_status":"closed","ping_status":"closed","template":"elementor_header_footer","meta":{"footnotes":""},"class_list":["post-1031","page","type-page","status-publish","hentry"],"_hostinger_reach_plugin_has_subscription_block":false,"_hostinger_reach_plugin_is_elementor":false,"_links":{"self":[{"href":"https:\/\/financialservices.artfoisprojects.xyz\/it\/wp-json\/wp\/v2\/pages\/1031","targetHints":{"allow":["GET"]}}],"collection":[{"href":"https:\/\/financialservices.artfoisprojects.xyz\/it\/wp-json\/wp\/v2\/pages"}],"about":[{"href":"https:\/\/financialservices.artfoisprojects.xyz\/it\/wp-json\/wp\/v2\/types\/page"}],"author":[{"embeddable":true,"href":"https:\/\/financialservices.artfoisprojects.xyz\/it\/wp-json\/wp\/v2\/users\/1"}],"replies":[{"embeddable":true,"href":"https:\/\/financialservices.artfoisprojects.xyz\/it\/wp-json\/wp\/v2\/comments?post=1031"}],"version-history":[{"count":35,"href":"https:\/\/financialservices.artfoisprojects.xyz\/it\/wp-json\/wp\/v2\/pages\/1031\/revisions"}],"predecessor-version":[{"id":1635,"href":"https:\/\/financialservices.artfoisprojects.xyz\/it\/wp-json\/wp\/v2\/pages\/1031\/revisions\/1635"}],"wp:attachment":[{"href":"https:\/\/financialservices.artfoisprojects.xyz\/it\/wp-json\/wp\/v2\/media?parent=1031"}],"curies":[{"name":"wp","href":"https:\/\/api.w.org\/{rel}","templated":true}]}}